{"id":2797,"date":"2024-06-14T15:00:26","date_gmt":"2024-06-14T18:00:26","guid":{"rendered":"https:\/\/fgesquadriasdealuminio.com\/blog\/?page_id=2797"},"modified":"2024-06-14T16:09:33","modified_gmt":"2024-06-14T19:09:33","slug":"curso-linha-integrada","status":"publish","type":"page","link":"https:\/\/fgesquadriasdealuminio.com\/blog\/curso-linha-integrada\/","title":{"rendered":"CURSO JANELA INTEGRADA"},"content":{"rendered":"<div>Recordo-me do desafio que enfrentei para fabricar minha primeira janela integrada&#8230; naquela \u00e9poca, n\u00e3o havia cursos ou aulas mais aprofundados sobre o assunto&#8230;<\/div>\n<div>\n<p>Tive que contar com a ajuda de alguns amigos que me davam dicas pontuais&#8230;<\/p>\n<p>Hoje, com o aux\u00edlio da internet, j\u00e1 pude ajudar muitas pessoas a fabricar a janela integrada persiana.<\/p>\n<p><strong>Conte\u00fado detalhado do curso abaixo:<\/strong><\/p>\n<p>1. Perfis + Explica\u00e7\u00e3o<br \/>\n2. Apresenta\u00e7\u00e3o + Planilha<br \/>\n3. Como Usar a Planilha<br \/>\n4. Acess\u00f3rios + Dicas<br \/>\n5. Grampeador + Catalogo<br \/>\n6. Usinagens<br \/>\n7. Montagem<br \/>\n8. Fixando o Suporte do Rolo<br \/>\n9. Colocando o Rolo<br \/>\n10. Tubo para o Recolhedor<br \/>\n11. Colocando o Recolhedor<br \/>\n12. Guia das Alturas<br \/>\n13. Montando a Persiana<br \/>\n14. Conjugando Persiana na\u00a0Janela<br \/>\n15. Conjugando Recolhedor + Rolo + Tampa<br \/>\n16. Acabamentos + Folhas<br \/>\n17.\u00a0Integrada\u00a0+ Vidro Temperado<br \/>\n18. motor 1 configura\u00e7\u00e3o de fim de curso<br \/>\n19. motor 2 invers\u00e3o de rota\u00e7\u00e3o do motor 110 220<br \/>\n20. motor 3 configura\u00e7\u00e3o do controle<br \/>\n21. desconfigurar o controle<br \/>\n22. micro de fim de curso travado<\/p>\n<p>Eu criei uma \u00e1rea de membros onde voc\u00ea acessa as aulas com login e senha.<\/p>\n<p>Seu acesso a esse curso \u00e9 vital\u00edcio, voc\u00ea vai aprender a teoria e a pr\u00e1tica e tem 7 dias de garantia<\/p>\n<p>Eu uso a monetizze para processar os pagamentos o<strong> valor do curso \u00e9 R$97,00 reais (<a href=\"https:\/\/fgesquadriasdealuminio.com\/integrada\" target=\"_blank\" rel=\"noopener noreferrer\" data-saferedirecturl=\"https:\/\/www.google.com\/url?q=http:\/\/fgesquadriasdealuminio.com\/suprema&amp;source=gmail&amp;ust=1717691924527000&amp;usg=AOvVaw0-GIfezNYudFlr-2t_dOh6\">saiba mais<\/a>)<\/strong><\/p>\n<p>&nbsp;<\/p>\n<p><strong>Fabiano Carvalho<\/strong><\/p>\n<p>fa7carvalho@gmail.com<\/p>\n<p>&nbsp;<\/p>\n<\/div>\n","protected":false},"excerpt":{"rendered":"<p>Recordo-me do desafio que enfrentei para fabricar minha primeira janela integrada&#8230; naquela \u00e9poca, n\u00e3o havia cursos ou aulas mais aprofundados sobre o assunto&#8230; Tive que contar com a ajuda de alguns amigos que me davam dicas pontuais&#8230; Hoje, com o aux\u00edlio da internet, j\u00e1 pude ajudar muitas pessoas a fabricar a janela integrada persiana. Conte\u00fado [&hellip;]<\/p>\n","protected":false},"author":1,"featured_media":0,"parent":0,"menu_order":0,"comment_status":"closed","ping_status":"closed","template":"","meta":{"footnotes":""},"class_list":["post-2797","page","type-page","status-publish","hentry"],"_links":{"self":[{"href":"https:\/\/fgesquadriasdealuminio.com\/blog\/wp-json\/wp\/v2\/pages\/2797","targetHints":{"allow":["GET"]}}],"collection":[{"href":"https:\/\/fgesquadriasdealuminio.com\/blog\/wp-json\/wp\/v2\/pages"}],"about":[{"href":"https:\/\/fgesquadriasdealuminio.com\/blog\/wp-json\/wp\/v2\/types\/page"}],"author":[{"embeddable":true,"href":"https:\/\/fgesquadriasdealuminio.com\/blog\/wp-json\/wp\/v2\/users\/1"}],"replies":[{"embeddable":true,"href":"https:\/\/fgesquadriasdealuminio.com\/blog\/wp-json\/wp\/v2\/comments?post=2797"}],"version-history":[{"count":4,"href":"https:\/\/fgesquadriasdealuminio.com\/blog\/wp-json\/wp\/v2\/pages\/2797\/revisions"}],"predecessor-version":[{"id":2803,"href":"https:\/\/fgesquadriasdealuminio.com\/blog\/wp-json\/wp\/v2\/pages\/2797\/revisions\/2803"}],"wp:attachment":[{"href":"https:\/\/fgesquadriasdealuminio.com\/blog\/wp-json\/wp\/v2\/media?parent=2797"}],"curies":[{"name":"wp","href":"https:\/\/api.w.org\/{rel}","templated":true}]}}