{"id":261,"date":"2021-05-29T10:07:51","date_gmt":"2021-05-29T13:07:51","guid":{"rendered":"http:\/\/fgesquadriasdealuminio.com\/blog\/?page_id=261"},"modified":"2021-05-29T10:11:15","modified_gmt":"2021-05-29T13:11:15","slug":"porta-de-giro-suprema-com-vidro","status":"publish","type":"page","link":"https:\/\/fgesquadriasdealuminio.com\/blog\/porta-de-giro-suprema-com-vidro\/","title":{"rendered":"Porta de Giro Suprema com Vidro"},"content":{"rendered":"<p><img loading=\"lazy\" decoding=\"async\" class=\"size-medium wp-image-262 alignleft\" src=\"https:\/\/fgesquadriasdealuminio.com\/blog\/wp-content\/uploads\/2021\/05\/PORTA-LINHA-SUPREMA-COM-VIDRO-142x300.jpg\" alt=\"\" width=\"142\" height=\"300\" srcset=\"https:\/\/fgesquadriasdealuminio.com\/blog\/wp-content\/uploads\/2021\/05\/PORTA-LINHA-SUPREMA-COM-VIDRO-142x300.jpg 142w, https:\/\/fgesquadriasdealuminio.com\/blog\/wp-content\/uploads\/2021\/05\/PORTA-LINHA-SUPREMA-COM-VIDRO-485x1024.jpg 485w, https:\/\/fgesquadriasdealuminio.com\/blog\/wp-content\/uploads\/2021\/05\/PORTA-LINHA-SUPREMA-COM-VIDRO.jpg 720w\" sizes=\"auto, (max-width: 142px) 100vw, 142px\" \/>Abaixo segue os perfis para fazer uma porta de giro suprema com vidro do lado<\/p>\n<p>SU 279 Batente<br \/>\nSu 111 Folha<br \/>\nSu 102 Baguete<br \/>\nGS 034 Lambril<br \/>\nSu 051 Travessa vertical e horizontal<br \/>\nI 083 ou CR 147 friso<\/p>\n<p>Se for usar travessas o vidro pode ser comum, de 4mm at\u00e9 8mm, caso fa\u00e7a a porta sem as travessas horizontais o vidro precisar ser ou temperado ou laminado de 6mm at\u00e9 8mm<br \/>\n<script data-ad-client=\"ca-pub-8398888957526457\" async src=\"https:\/\/pagead2.googlesyndication.com\/pagead\/js\/adsbygoogle.js\"><\/script><\/p>\n","protected":false},"excerpt":{"rendered":"<p>Abaixo segue os perfis para fazer uma porta de giro suprema com vidro do lado SU 279 Batente Su 111 Folha Su 102 Baguete GS 034 Lambril Su 051 Travessa vertical e horizontal I 083 ou CR 147 friso Se for usar travessas o vidro pode ser comum, de 4mm at\u00e9 8mm, caso fa\u00e7a a [&hellip;]<\/p>\n","protected":false},"author":1,"featured_media":0,"parent":0,"menu_order":0,"comment_status":"closed","ping_status":"closed","template":"","meta":{"footnotes":""},"class_list":["post-261","page","type-page","status-publish","hentry"],"_links":{"self":[{"href":"https:\/\/fgesquadriasdealuminio.com\/blog\/wp-json\/wp\/v2\/pages\/261","targetHints":{"allow":["GET"]}}],"collection":[{"href":"https:\/\/fgesquadriasdealuminio.com\/blog\/wp-json\/wp\/v2\/pages"}],"about":[{"href":"https:\/\/fgesquadriasdealuminio.com\/blog\/wp-json\/wp\/v2\/types\/page"}],"author":[{"embeddable":true,"href":"https:\/\/fgesquadriasdealuminio.com\/blog\/wp-json\/wp\/v2\/users\/1"}],"replies":[{"embeddable":true,"href":"https:\/\/fgesquadriasdealuminio.com\/blog\/wp-json\/wp\/v2\/comments?post=261"}],"version-history":[{"count":4,"href":"https:\/\/fgesquadriasdealuminio.com\/blog\/wp-json\/wp\/v2\/pages\/261\/revisions"}],"predecessor-version":[{"id":266,"href":"https:\/\/fgesquadriasdealuminio.com\/blog\/wp-json\/wp\/v2\/pages\/261\/revisions\/266"}],"wp:attachment":[{"href":"https:\/\/fgesquadriasdealuminio.com\/blog\/wp-json\/wp\/v2\/media?parent=261"}],"curies":[{"name":"wp","href":"https:\/\/api.w.org\/{rel}","templated":true}]}}