{"id":228,"date":"2021-05-15T10:45:15","date_gmt":"2021-05-15T13:45:15","guid":{"rendered":"http:\/\/fgesquadriasdealuminio.com\/blog\/?page_id=228"},"modified":"2023-09-05T11:51:02","modified_gmt":"2023-09-05T14:51:02","slug":"janela-maxim-ar-linha-gold-perfil-e-folgas","status":"publish","type":"page","link":"https:\/\/fgesquadriasdealuminio.com\/blog\/janela-maxim-ar-linha-gold-perfil-e-folgas\/","title":{"rendered":"JANELA MAXIM-AR LINHA GOLD PERFIL E FOLGAS"},"content":{"rendered":"<p><img loading=\"lazy\" decoding=\"async\" class=\"size-medium wp-image-229 alignleft\" src=\"https:\/\/fgesquadriasdealuminio.com\/blog\/wp-content\/uploads\/2021\/05\/janela-maximar-gold-300x295.jpg\" alt=\"\" width=\"300\" height=\"295\" srcset=\"https:\/\/fgesquadriasdealuminio.com\/blog\/wp-content\/uploads\/2021\/05\/janela-maximar-gold-300x295.jpg 300w, https:\/\/fgesquadriasdealuminio.com\/blog\/wp-content\/uploads\/2021\/05\/janela-maximar-gold.jpg 500w\" sizes=\"auto, (max-width: 300px) 100vw, 300px\" \/>Janela Maxim-ar Linha Gold<\/p>\n<p>Lembrando que essa \u00e9 a combina\u00e7\u00e3o que eu uso, ent\u00e3o os perfis e folgas s\u00e3o baseados no meu dia a dia &#8230;.minha recomenda\u00e7\u00e3o sempre \u00e9 cortar o quadro monta e depois vai cortando os outros perfis e conferindo as medidas ..(Blz)<\/p>\n<p>LG-068 quadro altura e largura<br \/>\nLG-085 folha altura e largura<br \/>\nLG-092 pingadeira<br \/>\nBG-057 baguete altura e largura<\/p>\n<p>Folgas sempre partindo do principio, (medida Total)<\/p>\n<p>exemplo janela maxim-ar de 1,000&#215;1,000<\/p>\n<p>Medida total altura do quadro 1,000 &#8211; 0 = 1,000<br \/>\nMedida total largura do quadro 1,000 &#8211; 0 = 1,000<br \/>\nMedida total folha altura 1000 &#8211; 0,028 = 0,972<br \/>\nMedida Total folha largura 1,000 &#8211; 0,028 = 0,972<br \/>\nMedida total pingadeira 1,000 &#8211; 0 = 1,000<br \/>\nMedida total baguete largura 1,000 &#8211; 0,096 = 0,904<br \/>\nMedida total baguete altura 1,000 &#8211; 0,125 = 0,875<\/p>\n<p><a href=\"https:\/\/fgesquadriasdealuminio.com\/vv02.html\"><img loading=\"lazy\" decoding=\"async\" class=\"aligncenter size-large wp-image-1836\" src=\"https:\/\/fgesquadriasdealuminio.com\/blog\/wp-content\/uploads\/2023\/07\/TESTE02-1024x576.png\" alt=\"ESQUADRIAS DE ALUMINIO\" width=\"1024\" height=\"576\" srcset=\"https:\/\/fgesquadriasdealuminio.com\/blog\/wp-content\/uploads\/2023\/07\/TESTE02-1024x576.png 1024w, https:\/\/fgesquadriasdealuminio.com\/blog\/wp-content\/uploads\/2023\/07\/TESTE02-300x169.png 300w, https:\/\/fgesquadriasdealuminio.com\/blog\/wp-content\/uploads\/2023\/07\/TESTE02-768x432.png 768w, https:\/\/fgesquadriasdealuminio.com\/blog\/wp-content\/uploads\/2023\/07\/TESTE02.png 1280w\" sizes=\"auto, (max-width: 1024px) 100vw, 1024px\" \/><\/a><\/p>\n","protected":false},"excerpt":{"rendered":"<p>Janela Maxim-ar Linha Gold Lembrando que essa \u00e9 a combina\u00e7\u00e3o que eu uso, ent\u00e3o os perfis e folgas s\u00e3o baseados no meu dia a dia &#8230;.minha recomenda\u00e7\u00e3o sempre \u00e9 cortar o quadro monta e depois vai cortando os outros perfis e conferindo as medidas ..(Blz) LG-068 quadro altura e largura LG-085 folha altura e largura [&hellip;]<\/p>\n","protected":false},"author":1,"featured_media":0,"parent":0,"menu_order":0,"comment_status":"closed","ping_status":"closed","template":"","meta":{"footnotes":""},"class_list":["post-228","page","type-page","status-publish","hentry"],"_links":{"self":[{"href":"https:\/\/fgesquadriasdealuminio.com\/blog\/wp-json\/wp\/v2\/pages\/228","targetHints":{"allow":["GET"]}}],"collection":[{"href":"https:\/\/fgesquadriasdealuminio.com\/blog\/wp-json\/wp\/v2\/pages"}],"about":[{"href":"https:\/\/fgesquadriasdealuminio.com\/blog\/wp-json\/wp\/v2\/types\/page"}],"author":[{"embeddable":true,"href":"https:\/\/fgesquadriasdealuminio.com\/blog\/wp-json\/wp\/v2\/users\/1"}],"replies":[{"embeddable":true,"href":"https:\/\/fgesquadriasdealuminio.com\/blog\/wp-json\/wp\/v2\/comments?post=228"}],"version-history":[{"count":3,"href":"https:\/\/fgesquadriasdealuminio.com\/blog\/wp-json\/wp\/v2\/pages\/228\/revisions"}],"predecessor-version":[{"id":2010,"href":"https:\/\/fgesquadriasdealuminio.com\/blog\/wp-json\/wp\/v2\/pages\/228\/revisions\/2010"}],"wp:attachment":[{"href":"https:\/\/fgesquadriasdealuminio.com\/blog\/wp-json\/wp\/v2\/media?parent=228"}],"curies":[{"name":"wp","href":"https:\/\/api.w.org\/{rel}","templated":true}]}}