{"id":205,"date":"2021-05-12T16:07:45","date_gmt":"2021-05-12T19:07:45","guid":{"rendered":"http:\/\/fgesquadriasdealuminio.com\/blog\/?page_id=205"},"modified":"2023-12-08T08:59:42","modified_gmt":"2023-12-08T11:59:42","slug":"porta-de-giro-linha-suprema-90graus","status":"publish","type":"page","link":"https:\/\/fgesquadriasdealuminio.com\/blog\/porta-de-giro-linha-suprema-90graus\/","title":{"rendered":"Porta de Giro Linha Suprema 90graus"},"content":{"rendered":"<p><img loading=\"lazy\" decoding=\"async\" class=\"size-medium wp-image-206 alignleft\" src=\"https:\/\/fgesquadriasdealuminio.com\/blog\/wp-content\/uploads\/2021\/05\/porta-lambril-d210x080cm-aluminio-branco-elegance-aliance-300x300.png\" alt=\"\" width=\"300\" height=\"300\" srcset=\"https:\/\/fgesquadriasdealuminio.com\/blog\/wp-content\/uploads\/2021\/05\/porta-lambril-d210x080cm-aluminio-branco-elegance-aliance-300x300.png 300w, https:\/\/fgesquadriasdealuminio.com\/blog\/wp-content\/uploads\/2021\/05\/porta-lambril-d210x080cm-aluminio-branco-elegance-aliance-150x150.png 150w, https:\/\/fgesquadriasdealuminio.com\/blog\/wp-content\/uploads\/2021\/05\/porta-lambril-d210x080cm-aluminio-branco-elegance-aliance-768x768.png 768w, https:\/\/fgesquadriasdealuminio.com\/blog\/wp-content\/uploads\/2021\/05\/porta-lambril-d210x080cm-aluminio-branco-elegance-aliance.png 800w\" sizes=\"auto, (max-width: 300px) 100vw, 300px\" \/>Porta de Giro Linha Suprema 90graus<\/p>\n<p>Su 279 batente<br \/>\nSu 111 altura da folha<br \/>\nSu 110 largura de cima da folha (tamb\u00e9m pode usar embaixo)<br \/>\nSu 225 largura de baixo da folha<br \/>\nSu 102 baguete<br \/>\nGS 034 lambril<\/p>\n<p>Com esse conjunto de perfis voc\u00ea consegue fazer uma porta de giro da linha suprema em 90 graus, ou seja corte reto&#8230;.\u00e9 poss\u00edvel usar vidro de at\u00e9 8mm com esse conjunto de perfis. Tamb\u00e9m da para fazer uma porta de lambril usando o GS034. Ainda \u00e9 poss\u00edvel usar palhetas Z201 e se necess\u00e1rio usar travessas o perfil \u00e9 o Su 051 ou Su227. (<a href=\"https:\/\/fgesquadriasdealuminio.com\/\">Saiba mais<\/a>)<\/p>\n<p>&nbsp;<\/p>\n<p><script data-ad-client=\"ca-pub-8398888957526457\" async src=\"https:\/\/pagead2.googlesyndication.com\/pagead\/js\/adsbygoogle.js\"><\/script><\/p>\n","protected":false},"excerpt":{"rendered":"<p>Porta de Giro Linha Suprema 90graus Su 279 batente Su 111 altura da folha Su 110 largura de cima da folha (tamb\u00e9m pode usar embaixo) Su 225 largura de baixo da folha Su 102 baguete GS 034 lambril Com esse conjunto de perfis voc\u00ea consegue fazer uma porta de giro da linha suprema em 90 [&hellip;]<\/p>\n","protected":false},"author":1,"featured_media":0,"parent":0,"menu_order":0,"comment_status":"closed","ping_status":"closed","template":"","meta":{"footnotes":""},"class_list":["post-205","page","type-page","status-publish","hentry"],"_links":{"self":[{"href":"https:\/\/fgesquadriasdealuminio.com\/blog\/wp-json\/wp\/v2\/pages\/205","targetHints":{"allow":["GET"]}}],"collection":[{"href":"https:\/\/fgesquadriasdealuminio.com\/blog\/wp-json\/wp\/v2\/pages"}],"about":[{"href":"https:\/\/fgesquadriasdealuminio.com\/blog\/wp-json\/wp\/v2\/types\/page"}],"author":[{"embeddable":true,"href":"https:\/\/fgesquadriasdealuminio.com\/blog\/wp-json\/wp\/v2\/users\/1"}],"replies":[{"embeddable":true,"href":"https:\/\/fgesquadriasdealuminio.com\/blog\/wp-json\/wp\/v2\/comments?post=205"}],"version-history":[{"count":12,"href":"https:\/\/fgesquadriasdealuminio.com\/blog\/wp-json\/wp\/v2\/pages\/205\/revisions"}],"predecessor-version":[{"id":2216,"href":"https:\/\/fgesquadriasdealuminio.com\/blog\/wp-json\/wp\/v2\/pages\/205\/revisions\/2216"}],"wp:attachment":[{"href":"https:\/\/fgesquadriasdealuminio.com\/blog\/wp-json\/wp\/v2\/media?parent=205"}],"curies":[{"name":"wp","href":"https:\/\/api.w.org\/{rel}","templated":true}]}}