{"id":1950,"date":"2023-08-22T08:25:54","date_gmt":"2023-08-22T11:25:54","guid":{"rendered":"https:\/\/fgesquadriasdealuminio.com\/blog\/?page_id=1950"},"modified":"2023-08-22T08:54:25","modified_gmt":"2023-08-22T11:54:25","slug":"como-fazer-orcamento-para-esquadrias-de-aluminio","status":"publish","type":"page","link":"https:\/\/fgesquadriasdealuminio.com\/blog\/como-fazer-orcamento-para-esquadrias-de-aluminio\/","title":{"rendered":"Como Fazer Or\u00e7amento Para Esquadrias de Alum\u00ednio"},"content":{"rendered":"<p><iframe loading=\"lazy\" title=\"Como Fazer Or\u00e7amento de Esquadrias\" width=\"800\" height=\"450\" src=\"https:\/\/www.youtube.com\/embed\/jHgvvEg58uY?feature=oembed\" frameborder=\"0\" allow=\"accelerometer; autoplay; clipboard-write; encrypted-media; gyroscope; picture-in-picture; web-share\" allowfullscreen><\/iframe><br \/>\nAqui voc\u00ea pode dar seus primeiros passo no ramo de esquadrias de alum\u00ednio\u00a0\ud83d\ude01\ud83d\udc4a<\/p>\n<ol>\n<li style=\"list-style-type: none;\">\n<ol>\n<li><a href=\"https:\/\/fgesquadriasdealuminio.com\/blog\/os-passos-para-calcular-o-preco-do-perfil-de-aluminio\/\"><strong>Perfil de Alum\u00ednio:<\/strong> Como C\u00e1lcular o Peso e o Pre\u00e7o de Cada Barra<\/a><\/li>\n<li><a href=\"https:\/\/fgesquadriasdealuminio.com\/blog\/como-fazer-orcamento-para-esquadrias-de-aluminio\/\"><strong>Or\u00e7amento:<\/strong> 4 Tipos de Or\u00e7amentos de Esquadrias<\/a><\/li>\n<li><a href=\"https:\/\/fgesquadriasdealuminio.com\/blog\/quais-as-ferramentas-para-fabricar-esquadrias\/\"><strong>Ferramentas:<\/strong> As Principais Ferramentas Para Fabircar Esquadrias<\/a><\/li>\n<li><a href=\"https:\/\/fgesquadriasdealuminio.com\/blog\/janela-maxim-ar-passo-a-passo-2\/\"><strong>Janela Maxim-ar:<\/strong> Aulas Teoricas e Pr\u00e1tica<\/a><\/li>\n<li>Em Breve \u2026<\/li>\n<\/ol>\n<\/li>\n<\/ol>\n<p><strong>Fabiano Carvalho<\/strong><br \/>\n<strong>PS:<\/strong> Conhe\u00e7a o Curso Serralheiro 3.0 (<a href=\"https:\/\/fa7carvalho.kpages.online\/obrigado\">Saiba mais<\/a>)<\/p>\n<p><script data-ad-client=\"ca-pub-8398888957526457\" async src=\"https:\/\/pagead2.googlesyndication.com\/pagead\/js\/adsbygoogle.js\"><\/script><\/p>\n","protected":false},"excerpt":{"rendered":"<p>Aqui voc\u00ea pode dar seus primeiros passo no ramo de esquadrias de alum\u00ednio\u00a0\ud83d\ude01\ud83d\udc4a Perfil de Alum\u00ednio: Como C\u00e1lcular o Peso e o Pre\u00e7o de Cada Barra Or\u00e7amento: 4 Tipos de Or\u00e7amentos de Esquadrias Ferramentas: As Principais Ferramentas Para Fabircar Esquadrias Janela Maxim-ar: Aulas Teoricas e Pr\u00e1tica Em Breve \u2026 Fabiano Carvalho PS: Conhe\u00e7a o Curso [&hellip;]<\/p>\n","protected":false},"author":1,"featured_media":0,"parent":0,"menu_order":0,"comment_status":"closed","ping_status":"closed","template":"","meta":{"footnotes":""},"class_list":["post-1950","page","type-page","status-publish","hentry"],"_links":{"self":[{"href":"https:\/\/fgesquadriasdealuminio.com\/blog\/wp-json\/wp\/v2\/pages\/1950","targetHints":{"allow":["GET"]}}],"collection":[{"href":"https:\/\/fgesquadriasdealuminio.com\/blog\/wp-json\/wp\/v2\/pages"}],"about":[{"href":"https:\/\/fgesquadriasdealuminio.com\/blog\/wp-json\/wp\/v2\/types\/page"}],"author":[{"embeddable":true,"href":"https:\/\/fgesquadriasdealuminio.com\/blog\/wp-json\/wp\/v2\/users\/1"}],"replies":[{"embeddable":true,"href":"https:\/\/fgesquadriasdealuminio.com\/blog\/wp-json\/wp\/v2\/comments?post=1950"}],"version-history":[{"count":4,"href":"https:\/\/fgesquadriasdealuminio.com\/blog\/wp-json\/wp\/v2\/pages\/1950\/revisions"}],"predecessor-version":[{"id":1967,"href":"https:\/\/fgesquadriasdealuminio.com\/blog\/wp-json\/wp\/v2\/pages\/1950\/revisions\/1967"}],"wp:attachment":[{"href":"https:\/\/fgesquadriasdealuminio.com\/blog\/wp-json\/wp\/v2\/media?parent=1950"}],"curies":[{"name":"wp","href":"https:\/\/api.w.org\/{rel}","templated":true}]}}