{"id":1282,"date":"2023-02-24T14:41:43","date_gmt":"2023-02-24T17:41:43","guid":{"rendered":"https:\/\/fgesquadriasdealuminio.com\/blog\/?page_id=1282"},"modified":"2023-02-25T08:31:47","modified_gmt":"2023-02-25T11:31:47","slug":"como-fazer-uma-bancada-para-meia-serra-de-esquadrias","status":"publish","type":"page","link":"https:\/\/fgesquadriasdealuminio.com\/blog\/como-fazer-uma-bancada-para-meia-serra-de-esquadrias\/","title":{"rendered":"Como Fazer uma Bancada para Meia Serra de Esquadrias"},"content":{"rendered":"<p>Blz Serralheiro!<\/p>\n<p>Nessa aula vou mostra uma <strong>bancada de meia serra de esquadrias<\/strong>, e falar sobre como foi feita, medidas e outras informa\u00e7\u00f5es importante.<\/p>\n<div style=\"width: 800px;\" class=\"wp-video\"><video class=\"wp-video-shortcode\" id=\"video-1282-1\" width=\"800\" height=\"450\" preload=\"metadata\" controls=\"controls\"><source type=\"video\/mp4\" src=\"https:\/\/fgesquadriasdealuminio.com\/blog\/wp-content\/uploads\/2023\/02\/Explicando-sobre-a-bancada-de-Corte.mp4?_=1\" \/><a href=\"https:\/\/fgesquadriasdealuminio.com\/blog\/wp-content\/uploads\/2023\/02\/Explicando-sobre-a-bancada-de-Corte.mp4\">https:\/\/fgesquadriasdealuminio.com\/blog\/wp-content\/uploads\/2023\/02\/Explicando-sobre-a-bancada-de-Corte.mp4<\/a><\/video><\/div>\n<p>&nbsp;<\/p>\n<p><strong>PS:<\/strong>\u00a0Talvez voc\u00ea saiba ou n\u00e3o, mas nesse v\u00eddeo eu estou fazendo uma porta pivotante para um vidraceiro, ou seja estou prestando servi\u00e7o&#8230;.fiz essa<strong>\u00a0porta em 3 horas e cobrei R$300,00 reais + almo\u00e7o!<\/strong>\u00a0Essa porta em si foi vendida por R$2.100 e gasto em material mais ou mesmo R$700 reais!<\/p>\n<p>Bora fazer uma conta r\u00e1pida (Vendida por R$2.100) &#8211; (R$700 de material) &#8211; (R$300 reais para fazer) =\u00a0<strong>(R$1.100 de lucro para o vidraceiro)<\/strong><\/p>\n<p>Fabiano Carvalho<\/p>\n<p><script data-ad-client=\"ca-pub-8398888957526457\" async src=\"https:\/\/pagead2.googlesyndication.com\/pagead\/js\/adsbygoogle.js\"><\/script><\/p>\n","protected":false},"excerpt":{"rendered":"<p>Blz Serralheiro! Nessa aula vou mostra uma bancada de meia serra de esquadrias, e falar sobre como foi feita, medidas e outras informa\u00e7\u00f5es importante. &nbsp; PS:\u00a0Talvez voc\u00ea saiba ou n\u00e3o, mas nesse v\u00eddeo eu estou fazendo uma porta pivotante para um vidraceiro, ou seja estou prestando servi\u00e7o&#8230;.fiz essa\u00a0porta em 3 horas e cobrei R$300,00 reais [&hellip;]<\/p>\n","protected":false},"author":1,"featured_media":0,"parent":0,"menu_order":0,"comment_status":"closed","ping_status":"closed","template":"","meta":{"footnotes":""},"class_list":["post-1282","page","type-page","status-publish","hentry"],"_links":{"self":[{"href":"https:\/\/fgesquadriasdealuminio.com\/blog\/wp-json\/wp\/v2\/pages\/1282","targetHints":{"allow":["GET"]}}],"collection":[{"href":"https:\/\/fgesquadriasdealuminio.com\/blog\/wp-json\/wp\/v2\/pages"}],"about":[{"href":"https:\/\/fgesquadriasdealuminio.com\/blog\/wp-json\/wp\/v2\/types\/page"}],"author":[{"embeddable":true,"href":"https:\/\/fgesquadriasdealuminio.com\/blog\/wp-json\/wp\/v2\/users\/1"}],"replies":[{"embeddable":true,"href":"https:\/\/fgesquadriasdealuminio.com\/blog\/wp-json\/wp\/v2\/comments?post=1282"}],"version-history":[{"count":11,"href":"https:\/\/fgesquadriasdealuminio.com\/blog\/wp-json\/wp\/v2\/pages\/1282\/revisions"}],"predecessor-version":[{"id":1294,"href":"https:\/\/fgesquadriasdealuminio.com\/blog\/wp-json\/wp\/v2\/pages\/1282\/revisions\/1294"}],"wp:attachment":[{"href":"https:\/\/fgesquadriasdealuminio.com\/blog\/wp-json\/wp\/v2\/media?parent=1282"}],"curies":[{"name":"wp","href":"https:\/\/api.w.org\/{rel}","templated":true}]}}